{"id":1628,"date":"2024-04-30T12:38:05","date_gmt":"2024-04-30T10:38:05","guid":{"rendered":"https:\/\/balsamico.web4.casc-hosting.at\/?page_id=1628"},"modified":"2025-09-18T22:34:39","modified_gmt":"2025-09-18T20:34:39","slug":"versand-und-lieferung","status":"publish","type":"page","link":"https:\/\/balsamico.at\/en\/versand-und-lieferung\/","title":{"rendered":"Shipping &amp; delivery"},"content":{"rendered":"<div data-elementor-type=\"wp-page\" data-elementor-id=\"1628\" class=\"elementor elementor-1628\" data-elementor-post-type=\"page\">\n\t\t\t\t<div class=\"elementor-element elementor-element-0d72dfe e-flex e-con-boxed e-con e-parent\" data-id=\"0d72dfe\" data-element_type=\"container\" data-e-type=\"container\">\n\t\t\t\t\t<div class=\"e-con-inner\">\n\t\t\t\t<div class=\"elementor-element elementor-element-752e80c elementor-widget-divider--view-line elementor-widget elementor-widget-divider\" data-id=\"752e80c\" data-element_type=\"widget\" data-e-type=\"widget\" data-widget_type=\"divider.default\">\n\t\t\t\t<div class=\"elementor-widget-container\">\n\t\t\t\t\t\t\t<div class=\"elementor-divider\">\n\t\t\t<span class=\"elementor-divider-separator\">\n\t\t\t\t\t\t<\/span>\n\t\t<\/div>\n\t\t\t\t\t\t<\/div>\n\t\t\t\t<\/div>\n\t\t\t\t\t<\/div>\n\t\t\t\t<\/div>\n\t\t<div class=\"elementor-element elementor-element-5169c48 e-flex e-con-boxed e-con e-parent\" data-id=\"5169c48\" data-element_type=\"container\" data-e-type=\"container\">\n\t\t\t\t\t<div class=\"e-con-inner\">\n\t\t\t\t<div class=\"elementor-element elementor-element-c058707 elementor-widget elementor-widget-heading\" data-id=\"c058707\" data-element_type=\"widget\" data-e-type=\"widget\" data-widget_type=\"heading.default\">\n\t\t\t\t<div class=\"elementor-widget-container\">\n\t\t\t\t\t<h1 class=\"elementor-heading-title elementor-size-default\">Shipping &amp; delivery<\/h1>\t\t\t\t<\/div>\n\t\t\t\t<\/div>\n\t\t\t\t<div class=\"elementor-element elementor-element-3bbde134 elementor-widget elementor-widget-text-editor\" data-id=\"3bbde134\" data-element_type=\"widget\" data-e-type=\"widget\" data-widget_type=\"text-editor.default\">\n\t\t\t\t<div class=\"elementor-widget-container\">\n\t\t\t\t\t\t\t\t\t\n<p>We are a family business where many things are still done by hand. This is exactly what makes our products special - but sometimes it takes a little longer. Please allow around 4 days for delivery and order a few days earlier so that everything arrives on time. If there are any delays, we ask for your understanding - and thank you from the bottom of our hearts for your patience and support!<\/p>\n<p>Prices:<\/p>\n\n<figure class=\"wp-block-table\">\n<table>\n<tbody>\n<tr>\n<td><strong>Shipping<\/strong><\/td>\n<td style=\"padding-left: 40px;\"><strong>AUSTRIA<\/strong><\/td>\n<\/tr>\n<tr>\n<td>up to \u20ac 99,-<\/td>\n<td>\u20ac 7,90<\/td>\n<\/tr>\n<tr>\n<td>from \u20ac 100,-<\/td>\n<td>free<\/td>\n<\/tr>\n<tr>\n<td><strong>Shipping<\/strong><\/td>\n<td><strong>GERMANY<\/strong><\/td>\n<\/tr>\n<tr>\n<td>up to \u20ac 149,-<\/td>\n<td>\u20ac 13,80<\/td>\n<\/tr>\n<tr>\n<td>from \u20ac 150,-<\/td>\n<td>free<\/td>\n<\/tr>\n<tr>\n<td><strong>Shipping<\/strong><\/td>\n<td><strong>EU<\/strong><\/td>\n<\/tr>\n<tr>\n<td>\u00a0<\/td>\n<td>\u20ac 19<\/td>\n<\/tr>\n<tr>\n<td><strong>Shipping<\/strong><\/td>\n<td><strong>REST OF THE WORLD<\/strong><\/td>\n<\/tr>\n<tr>\n<td>\u00a0<\/td>\n<td>\u20ac 35<\/td>\n<\/tr>\n<\/tbody>\n<\/table>\n<\/figure>\n\n<p>The prices stated on the product pages include VAT and other price components.<\/p>\n\t\t\t\t\t\t\t\t<\/div>\n\t\t\t\t<\/div>\n\t\t\t\t\t<\/div>\n\t\t\t\t<\/div>\n\t\t\t\t<\/div>","protected":false},"excerpt":{"rendered":"<p>Versand &amp; Lieferung Wir sind ein Familienunternehmen, in dem noch vieles von Hand gemacht wird. Genau das macht unsere Produkte besonders \u2013 manchmal dauert es dadurch aber auch ein wenig l\u00e4nger. Rechnet bitte mit etwa 4 Tagen Lieferzeit und bestellt lieber ein paar Tage fr\u00fcher, damit alles rechtzeitig ankommt. Sollte es einmal kleine Verz\u00f6gerungen geben, [&hellip;]<\/p>\n","protected":false},"author":1,"featured_media":0,"parent":0,"menu_order":0,"comment_status":"closed","ping_status":"closed","template":"","meta":{"_acf_changed":false,"footnotes":""},"class_list":["post-1628","page","type-page","status-publish","hentry"],"acf":[],"yoast_head":"<!-- This site is optimized with the Yoast SEO plugin v27.3 - https:\/\/yoast.com\/product\/yoast-seo-wordpress\/ -->\n<title>Versand &amp; Lieferung - Acetaia Pecoraro<\/title>\n<meta name=\"robots\" content=\"index, follow, max-snippet:-1, max-image-preview:large, max-video-preview:-1\" \/>\n<link rel=\"canonical\" href=\"https:\/\/balsamico.at\/en\/versand-und-lieferung\/\" \/>\n<meta property=\"og:locale\" content=\"en_US\" \/>\n<meta property=\"og:type\" content=\"article\" \/>\n<meta property=\"og:title\" content=\"Versand &amp; Lieferung - Acetaia Pecoraro\" \/>\n<meta property=\"og:description\" content=\"Versand &amp; Lieferung Wir sind ein Familienunternehmen, in dem noch vieles von Hand gemacht wird. Genau das macht unsere Produkte besonders \u2013 manchmal dauert es dadurch aber auch ein wenig l\u00e4nger. Rechnet bitte mit etwa 4 Tagen Lieferzeit und bestellt lieber ein paar Tage fr\u00fcher, damit alles rechtzeitig ankommt. Sollte es einmal kleine Verz\u00f6gerungen geben, [&hellip;]\" \/>\n<meta property=\"og:url\" content=\"https:\/\/balsamico.at\/en\/versand-und-lieferung\/\" \/>\n<meta property=\"og:site_name\" content=\"Acetaia Pecoraro\" \/>\n<meta property=\"article:publisher\" content=\"https:\/\/www.facebook.com\/pecorarobalsamico\/?locale=de_DE\" \/>\n<meta property=\"article:modified_time\" content=\"2025-09-18T20:34:39+00:00\" \/>\n<meta name=\"twitter:card\" content=\"summary_large_image\" \/>\n<meta name=\"twitter:label1\" content=\"Est. reading time\" \/>\n\t<meta name=\"twitter:data1\" content=\"1 minute\" \/>\n<script type=\"application\/ld+json\" class=\"yoast-schema-graph\">{\"@context\":\"https:\\\/\\\/schema.org\",\"@graph\":[{\"@type\":\"WebPage\",\"@id\":\"https:\\\/\\\/balsamico.at\\\/versand-und-lieferung\\\/\",\"url\":\"https:\\\/\\\/balsamico.at\\\/versand-und-lieferung\\\/\",\"name\":\"Versand &amp; Lieferung - Acetaia Pecoraro\",\"isPartOf\":{\"@id\":\"https:\\\/\\\/balsamico.at\\\/#website\"},\"datePublished\":\"2024-04-30T10:38:05+00:00\",\"dateModified\":\"2025-09-18T20:34:39+00:00\",\"breadcrumb\":{\"@id\":\"https:\\\/\\\/balsamico.at\\\/versand-und-lieferung\\\/#breadcrumb\"},\"inLanguage\":\"en-US\",\"potentialAction\":[{\"@type\":\"ReadAction\",\"target\":[\"https:\\\/\\\/balsamico.at\\\/versand-und-lieferung\\\/\"]}]},{\"@type\":\"BreadcrumbList\",\"@id\":\"https:\\\/\\\/balsamico.at\\\/versand-und-lieferung\\\/#breadcrumb\",\"itemListElement\":[{\"@type\":\"ListItem\",\"position\":1,\"name\":\"Startseite\",\"item\":\"https:\\\/\\\/balsamico.at\\\/\"},{\"@type\":\"ListItem\",\"position\":2,\"name\":\"Versand &amp; Lieferung\"}]},{\"@type\":\"WebSite\",\"@id\":\"https:\\\/\\\/balsamico.at\\\/#website\",\"url\":\"https:\\\/\\\/balsamico.at\\\/\",\"name\":\"Acetaia Pecoraro\",\"description\":\"Kultur f\u00fcr den Gaumen\",\"publisher\":{\"@id\":\"https:\\\/\\\/balsamico.at\\\/#organization\"},\"potentialAction\":[{\"@type\":\"SearchAction\",\"target\":{\"@type\":\"EntryPoint\",\"urlTemplate\":\"https:\\\/\\\/balsamico.at\\\/?s={search_term_string}\"},\"query-input\":{\"@type\":\"PropertyValueSpecification\",\"valueRequired\":true,\"valueName\":\"search_term_string\"}}],\"inLanguage\":\"en-US\"},{\"@type\":\"Organization\",\"@id\":\"https:\\\/\\\/balsamico.at\\\/#organization\",\"name\":\"Acetaia Pecoraro\",\"url\":\"https:\\\/\\\/balsamico.at\\\/\",\"logo\":{\"@type\":\"ImageObject\",\"inLanguage\":\"en-US\",\"@id\":\"https:\\\/\\\/balsamico.at\\\/#\\\/schema\\\/logo\\\/image\\\/\",\"url\":\"https:\\\/\\\/balsamico.at\\\/wp-content\\\/uploads\\\/2023\\\/08\\\/PB-Logo-Desktop.png\",\"contentUrl\":\"https:\\\/\\\/balsamico.at\\\/wp-content\\\/uploads\\\/2023\\\/08\\\/PB-Logo-Desktop.png\",\"width\":2300,\"height\":260,\"caption\":\"Acetaia Pecoraro\"},\"image\":{\"@id\":\"https:\\\/\\\/balsamico.at\\\/#\\\/schema\\\/logo\\\/image\\\/\"},\"sameAs\":[\"https:\\\/\\\/www.facebook.com\\\/pecorarobalsamico\\\/?locale=de_DE\",\"https:\\\/\\\/www.instagram.com\\\/pecorarobalsamico\\\/\",\"https:\\\/\\\/www.youtube.com\\\/@Pecoraro-pecoraro\"]}]}<\/script>\n<!-- \/ Yoast SEO plugin. -->","yoast_head_json":{"title":"Versand &amp; Lieferung - Acetaia Pecoraro","robots":{"index":"index","follow":"follow","max-snippet":"max-snippet:-1","max-image-preview":"max-image-preview:large","max-video-preview":"max-video-preview:-1"},"canonical":"https:\/\/balsamico.at\/en\/versand-und-lieferung\/","og_locale":"en_US","og_type":"article","og_title":"Versand &amp; Lieferung - Acetaia Pecoraro","og_description":"Versand &amp; Lieferung Wir sind ein Familienunternehmen, in dem noch vieles von Hand gemacht wird. Genau das macht unsere Produkte besonders \u2013 manchmal dauert es dadurch aber auch ein wenig l\u00e4nger. Rechnet bitte mit etwa 4 Tagen Lieferzeit und bestellt lieber ein paar Tage fr\u00fcher, damit alles rechtzeitig ankommt. Sollte es einmal kleine Verz\u00f6gerungen geben, [&hellip;]","og_url":"https:\/\/balsamico.at\/en\/versand-und-lieferung\/","og_site_name":"Acetaia Pecoraro","article_publisher":"https:\/\/www.facebook.com\/pecorarobalsamico\/?locale=de_DE","article_modified_time":"2025-09-18T20:34:39+00:00","twitter_card":"summary_large_image","twitter_misc":{"Est. reading time":"1 minute"},"schema":{"@context":"https:\/\/schema.org","@graph":[{"@type":"WebPage","@id":"https:\/\/balsamico.at\/versand-und-lieferung\/","url":"https:\/\/balsamico.at\/versand-und-lieferung\/","name":"Versand &amp; Lieferung - Acetaia Pecoraro","isPartOf":{"@id":"https:\/\/balsamico.at\/#website"},"datePublished":"2024-04-30T10:38:05+00:00","dateModified":"2025-09-18T20:34:39+00:00","breadcrumb":{"@id":"https:\/\/balsamico.at\/versand-und-lieferung\/#breadcrumb"},"inLanguage":"en-US","potentialAction":[{"@type":"ReadAction","target":["https:\/\/balsamico.at\/versand-und-lieferung\/"]}]},{"@type":"BreadcrumbList","@id":"https:\/\/balsamico.at\/versand-und-lieferung\/#breadcrumb","itemListElement":[{"@type":"ListItem","position":1,"name":"Startseite","item":"https:\/\/balsamico.at\/"},{"@type":"ListItem","position":2,"name":"Versand &amp; Lieferung"}]},{"@type":"WebSite","@id":"https:\/\/balsamico.at\/#website","url":"https:\/\/balsamico.at\/","name":"Acetaia Pecoraro","description":"Culture for the palate","publisher":{"@id":"https:\/\/balsamico.at\/#organization"},"potentialAction":[{"@type":"SearchAction","target":{"@type":"EntryPoint","urlTemplate":"https:\/\/balsamico.at\/?s={search_term_string}"},"query-input":{"@type":"PropertyValueSpecification","valueRequired":true,"valueName":"search_term_string"}}],"inLanguage":"en-US"},{"@type":"Organization","@id":"https:\/\/balsamico.at\/#organization","name":"Acetaia Pecoraro","url":"https:\/\/balsamico.at\/","logo":{"@type":"ImageObject","inLanguage":"en-US","@id":"https:\/\/balsamico.at\/#\/schema\/logo\/image\/","url":"https:\/\/balsamico.at\/wp-content\/uploads\/2023\/08\/PB-Logo-Desktop.png","contentUrl":"https:\/\/balsamico.at\/wp-content\/uploads\/2023\/08\/PB-Logo-Desktop.png","width":2300,"height":260,"caption":"Acetaia Pecoraro"},"image":{"@id":"https:\/\/balsamico.at\/#\/schema\/logo\/image\/"},"sameAs":["https:\/\/www.facebook.com\/pecorarobalsamico\/?locale=de_DE","https:\/\/www.instagram.com\/pecorarobalsamico\/","https:\/\/www.youtube.com\/@Pecoraro-pecoraro"]}]}},"_links":{"self":[{"href":"https:\/\/balsamico.at\/en\/wp-json\/wp\/v2\/pages\/1628","targetHints":{"allow":["GET"]}}],"collection":[{"href":"https:\/\/balsamico.at\/en\/wp-json\/wp\/v2\/pages"}],"about":[{"href":"https:\/\/balsamico.at\/en\/wp-json\/wp\/v2\/types\/page"}],"author":[{"embeddable":true,"href":"https:\/\/balsamico.at\/en\/wp-json\/wp\/v2\/users\/1"}],"replies":[{"embeddable":true,"href":"https:\/\/balsamico.at\/en\/wp-json\/wp\/v2\/comments?post=1628"}],"version-history":[{"count":33,"href":"https:\/\/balsamico.at\/en\/wp-json\/wp\/v2\/pages\/1628\/revisions"}],"predecessor-version":[{"id":7820,"href":"https:\/\/balsamico.at\/en\/wp-json\/wp\/v2\/pages\/1628\/revisions\/7820"}],"wp:attachment":[{"href":"https:\/\/balsamico.at\/en\/wp-json\/wp\/v2\/media?parent=1628"}],"curies":[{"name":"wp","href":"https:\/\/api.w.org\/{rel}","templated":true}]}}