{"id":400,"date":"2024-02-22T17:00:01","date_gmt":"2024-02-22T16:00:01","guid":{"rendered":"https:\/\/balsamico.web4.casc-hosting.at\/?page_id=400"},"modified":"2024-12-02T22:50:13","modified_gmt":"2024-12-02T21:50:13","slug":"impressum","status":"publish","type":"page","link":"https:\/\/balsamico.at\/en\/impressum\/","title":{"rendered":"Imprint"},"content":{"rendered":"<div data-elementor-type=\"wp-page\" data-elementor-id=\"400\" class=\"elementor elementor-400\" data-elementor-post-type=\"page\">\n\t\t\t\t<div class=\"elementor-element elementor-element-325f923 e-flex e-con-boxed e-con e-parent\" data-id=\"325f923\" data-element_type=\"container\" data-e-type=\"container\">\n\t\t\t\t\t<div class=\"e-con-inner\">\n\t\t\t\t<div class=\"elementor-element elementor-element-e3d75f1 elementor-widget-divider--view-line elementor-widget elementor-widget-divider\" data-id=\"e3d75f1\" data-element_type=\"widget\" data-e-type=\"widget\" data-widget_type=\"divider.default\">\n\t\t\t\t<div class=\"elementor-widget-container\">\n\t\t\t\t\t\t\t<div class=\"elementor-divider\">\n\t\t\t<span class=\"elementor-divider-separator\">\n\t\t\t\t\t\t<\/span>\n\t\t<\/div>\n\t\t\t\t\t\t<\/div>\n\t\t\t\t<\/div>\n\t\t\t\t\t<\/div>\n\t\t\t\t<\/div>\n\t\t<div class=\"elementor-element elementor-element-d0b6d1c e-flex e-con-boxed e-con e-parent\" data-id=\"d0b6d1c\" data-element_type=\"container\" data-e-type=\"container\">\n\t\t\t\t\t<div class=\"e-con-inner\">\n\t\t\t\t<div class=\"elementor-element elementor-element-8bb3251 elementor-widget elementor-widget-heading\" data-id=\"8bb3251\" data-element_type=\"widget\" data-e-type=\"widget\" data-widget_type=\"heading.default\">\n\t\t\t\t<div class=\"elementor-widget-container\">\n\t\t\t\t\t<h1 class=\"elementor-heading-title elementor-size-default\">Imprint<\/h1>\t\t\t\t<\/div>\n\t\t\t\t<\/div>\n\t\t\t\t<div data-dce-text-color=\"#2F2F2F\" class=\"elementor-element elementor-element-38215b7 elementor-widget elementor-widget-text-editor\" data-id=\"38215b7\" data-element_type=\"widget\" data-e-type=\"widget\" data-widget_type=\"text-editor.default\">\n\t\t\t\t<div class=\"elementor-widget-container\">\n\t\t\t\t\t\t\t\t\t<p>Responsible for the content:<\/p><p><strong>Acetaia Pecoraro Ltd.<br \/><\/strong>Ironworks 32<br \/>3400 Klosterneuburg<br \/>Phone: <a href=\"tel:+43 2 243 87 323\">+43-676-3002211<\/a><br \/><a href=\"mailto:pecoraro@balsamico.at\">pecoraro@balsamico.at<\/a><\/p><p><strong>Owner &amp; Managing Director\u00a0<\/strong><br \/>Mario Pecoraro<\/p><p><strong>Legal form:<\/strong>\u00a0Limited liability company<br \/><strong>VAT number:<\/strong> ATU45938204<br \/><strong>Company register:<\/strong> FN 175847 z<\/p><div class=\"entry-content\"><p><strong>Photos:<\/strong> <a href=\"http:\/\/www.renelanger.com\/\" target=\"_blank\" rel=\"noopener noreferrer\">Ren\u00e9 Langer<\/a>, <a href=\"http:\/\/www.schmidtdesign.net\/\" target=\"_blank\" rel=\"noopener noreferrer\">Hans Schmidt<\/a>, Michael P\u00f6hn<\/p><p><strong>Photo Herosection Homepage: <\/strong><a href=\"https:\/\/www.shutterstock.com\/image-photo\/table-dishware-decor-dinner-concept-501335584\" target=\"_blank\" rel=\"noopener\">Shutterstock: 501335584<\/a><\/p><p><strong>Video:<\/strong> <a href=\"http:\/\/peterschroeder.at\/\" target=\"_blank\" rel=\"noopener noreferrer\">Peter Schr\u00f6der film and music productions<\/a><\/p><\/div><p><strong>Design and implementation<br \/><\/strong><a href=\"https:\/\/www.casc.at\" target=\"_blank\" rel=\"noopener\">www.casc.at<\/a><\/p><p>For all further information please read our <a href=\"https:\/\/balsamico.at\/en\/allgemeine_geschaeftsbedingungen\/\">AGB's<\/a><\/p>\t\t\t\t\t\t\t\t<\/div>\n\t\t\t\t<\/div>\n\t\t\t\t\t<\/div>\n\t\t\t\t<\/div>\n\t\t\t\t<\/div>","protected":false},"excerpt":{"rendered":"<p>Imprint Responsible for the content: Acetaia Pecoraro GmbHEisenh\u00fctte 323400 KlosterneuburgTelephone: +43-676-3002211pecoraro@balsamico.at Owner &amp; Managing Director Mario Pecoraro Legal form: Limited liability companyUID number: ATU45938204Company register: FN 175847 z Photos: Ren\u00e9 Langer, Hans Schmidt, Michael P\u00f6hn Photo Herosection Homepage: Shutterstock: 501335584 Video: Peter Schr\u00f6der Film- und Musikproduktionen Design and realizationwww.casc.at For all further information please read our terms and conditions<\/p>","protected":false},"author":1,"featured_media":0,"parent":0,"menu_order":0,"comment_status":"closed","ping_status":"closed","template":"","meta":{"_acf_changed":false,"footnotes":""},"class_list":["post-400","page","type-page","status-publish","hentry"],"acf":[],"yoast_head":"<!-- This site is optimized with the Yoast SEO plugin v27.3 - https:\/\/yoast.com\/product\/yoast-seo-wordpress\/ -->\n<title>Impressum - Acetaia Pecoraro<\/title>\n<meta name=\"robots\" content=\"index, follow, max-snippet:-1, max-image-preview:large, max-video-preview:-1\" \/>\n<link rel=\"canonical\" href=\"https:\/\/balsamico.at\/en\/impressum\/\" \/>\n<meta property=\"og:locale\" content=\"en_US\" \/>\n<meta property=\"og:type\" content=\"article\" \/>\n<meta property=\"og:title\" content=\"Impressum - Acetaia Pecoraro\" \/>\n<meta property=\"og:description\" content=\"Impressum Verantwortlich f\u00fcr den Inhalt: Acetaia Pecoraro GmbHEisenh\u00fctte 323400 KlosterneuburgTelefon: +43-676-3002211pecoraro@balsamico.at Inhaber &amp; Gesch\u00e4ftsf\u00fchrer\u00a0Mario Pecoraro Rechtsform:\u00a0Gesellschaft mit beschr\u00e4nkter HaftungUID-Nummer: ATU45938204Firmenbuch: FN 175847 z Fotos: Ren\u00e9 Langer, Hans Schmidt, Michael P\u00f6hn Foto Herosection Startseite: Shutterstock: 501335584 Video: Peter Schr\u00f6der Film- und Musikproduktionen Design und Umsetzungwww.casc.at F\u00fcr alle weiteren Informationen lesen sie bitte unsere AGB\u2019s\" \/>\n<meta property=\"og:url\" content=\"https:\/\/balsamico.at\/en\/impressum\/\" \/>\n<meta property=\"og:site_name\" content=\"Acetaia Pecoraro\" \/>\n<meta property=\"article:publisher\" content=\"https:\/\/www.facebook.com\/pecorarobalsamico\/?locale=de_DE\" \/>\n<meta property=\"article:modified_time\" content=\"2024-12-02T21:50:13+00:00\" \/>\n<meta name=\"twitter:card\" content=\"summary_large_image\" \/>\n<meta name=\"twitter:label1\" content=\"Est. reading time\" \/>\n\t<meta name=\"twitter:data1\" content=\"1 minute\" \/>\n<script type=\"application\/ld+json\" class=\"yoast-schema-graph\">{\"@context\":\"https:\\\/\\\/schema.org\",\"@graph\":[{\"@type\":\"WebPage\",\"@id\":\"https:\\\/\\\/balsamico.at\\\/impressum\\\/\",\"url\":\"https:\\\/\\\/balsamico.at\\\/impressum\\\/\",\"name\":\"Impressum - Acetaia Pecoraro\",\"isPartOf\":{\"@id\":\"https:\\\/\\\/balsamico.at\\\/#website\"},\"datePublished\":\"2024-02-22T16:00:01+00:00\",\"dateModified\":\"2024-12-02T21:50:13+00:00\",\"breadcrumb\":{\"@id\":\"https:\\\/\\\/balsamico.at\\\/impressum\\\/#breadcrumb\"},\"inLanguage\":\"en-US\",\"potentialAction\":[{\"@type\":\"ReadAction\",\"target\":[\"https:\\\/\\\/balsamico.at\\\/impressum\\\/\"]}]},{\"@type\":\"BreadcrumbList\",\"@id\":\"https:\\\/\\\/balsamico.at\\\/impressum\\\/#breadcrumb\",\"itemListElement\":[{\"@type\":\"ListItem\",\"position\":1,\"name\":\"Startseite\",\"item\":\"https:\\\/\\\/balsamico.at\\\/\"},{\"@type\":\"ListItem\",\"position\":2,\"name\":\"Impressum\"}]},{\"@type\":\"WebSite\",\"@id\":\"https:\\\/\\\/balsamico.at\\\/#website\",\"url\":\"https:\\\/\\\/balsamico.at\\\/\",\"name\":\"Acetaia Pecoraro\",\"description\":\"Kultur f\u00fcr den Gaumen\",\"publisher\":{\"@id\":\"https:\\\/\\\/balsamico.at\\\/#organization\"},\"potentialAction\":[{\"@type\":\"SearchAction\",\"target\":{\"@type\":\"EntryPoint\",\"urlTemplate\":\"https:\\\/\\\/balsamico.at\\\/?s={search_term_string}\"},\"query-input\":{\"@type\":\"PropertyValueSpecification\",\"valueRequired\":true,\"valueName\":\"search_term_string\"}}],\"inLanguage\":\"en-US\"},{\"@type\":\"Organization\",\"@id\":\"https:\\\/\\\/balsamico.at\\\/#organization\",\"name\":\"Acetaia Pecoraro\",\"url\":\"https:\\\/\\\/balsamico.at\\\/\",\"logo\":{\"@type\":\"ImageObject\",\"inLanguage\":\"en-US\",\"@id\":\"https:\\\/\\\/balsamico.at\\\/#\\\/schema\\\/logo\\\/image\\\/\",\"url\":\"https:\\\/\\\/balsamico.at\\\/wp-content\\\/uploads\\\/2023\\\/08\\\/PB-Logo-Desktop.png\",\"contentUrl\":\"https:\\\/\\\/balsamico.at\\\/wp-content\\\/uploads\\\/2023\\\/08\\\/PB-Logo-Desktop.png\",\"width\":2300,\"height\":260,\"caption\":\"Acetaia Pecoraro\"},\"image\":{\"@id\":\"https:\\\/\\\/balsamico.at\\\/#\\\/schema\\\/logo\\\/image\\\/\"},\"sameAs\":[\"https:\\\/\\\/www.facebook.com\\\/pecorarobalsamico\\\/?locale=de_DE\",\"https:\\\/\\\/www.instagram.com\\\/pecorarobalsamico\\\/\",\"https:\\\/\\\/www.youtube.com\\\/@Pecoraro-pecoraro\"]}]}<\/script>\n<!-- \/ Yoast SEO plugin. -->","yoast_head_json":{"title":"Imprint - Acetaia Pecoraro","robots":{"index":"index","follow":"follow","max-snippet":"max-snippet:-1","max-image-preview":"max-image-preview:large","max-video-preview":"max-video-preview:-1"},"canonical":"https:\/\/balsamico.at\/en\/impressum\/","og_locale":"en_US","og_type":"article","og_title":"Impressum - Acetaia Pecoraro","og_description":"Impressum Verantwortlich f\u00fcr den Inhalt: Acetaia Pecoraro GmbHEisenh\u00fctte 323400 KlosterneuburgTelefon: +43-676-3002211pecoraro@balsamico.at Inhaber &amp; Gesch\u00e4ftsf\u00fchrer\u00a0Mario Pecoraro Rechtsform:\u00a0Gesellschaft mit beschr\u00e4nkter HaftungUID-Nummer: ATU45938204Firmenbuch: FN 175847 z Fotos: Ren\u00e9 Langer, Hans Schmidt, Michael P\u00f6hn Foto Herosection Startseite: Shutterstock: 501335584 Video: Peter Schr\u00f6der Film- und Musikproduktionen Design und Umsetzungwww.casc.at F\u00fcr alle weiteren Informationen lesen sie bitte unsere AGB\u2019s","og_url":"https:\/\/balsamico.at\/en\/impressum\/","og_site_name":"Acetaia Pecoraro","article_publisher":"https:\/\/www.facebook.com\/pecorarobalsamico\/?locale=de_DE","article_modified_time":"2024-12-02T21:50:13+00:00","twitter_card":"summary_large_image","twitter_misc":{"Est. reading time":"1 minute"},"schema":{"@context":"https:\/\/schema.org","@graph":[{"@type":"WebPage","@id":"https:\/\/balsamico.at\/impressum\/","url":"https:\/\/balsamico.at\/impressum\/","name":"Imprint - Acetaia Pecoraro","isPartOf":{"@id":"https:\/\/balsamico.at\/#website"},"datePublished":"2024-02-22T16:00:01+00:00","dateModified":"2024-12-02T21:50:13+00:00","breadcrumb":{"@id":"https:\/\/balsamico.at\/impressum\/#breadcrumb"},"inLanguage":"en-US","potentialAction":[{"@type":"ReadAction","target":["https:\/\/balsamico.at\/impressum\/"]}]},{"@type":"BreadcrumbList","@id":"https:\/\/balsamico.at\/impressum\/#breadcrumb","itemListElement":[{"@type":"ListItem","position":1,"name":"Startseite","item":"https:\/\/balsamico.at\/"},{"@type":"ListItem","position":2,"name":"Impressum"}]},{"@type":"WebSite","@id":"https:\/\/balsamico.at\/#website","url":"https:\/\/balsamico.at\/","name":"Acetaia Pecoraro","description":"Culture for the palate","publisher":{"@id":"https:\/\/balsamico.at\/#organization"},"potentialAction":[{"@type":"SearchAction","target":{"@type":"EntryPoint","urlTemplate":"https:\/\/balsamico.at\/?s={search_term_string}"},"query-input":{"@type":"PropertyValueSpecification","valueRequired":true,"valueName":"search_term_string"}}],"inLanguage":"en-US"},{"@type":"Organization","@id":"https:\/\/balsamico.at\/#organization","name":"Acetaia Pecoraro","url":"https:\/\/balsamico.at\/","logo":{"@type":"ImageObject","inLanguage":"en-US","@id":"https:\/\/balsamico.at\/#\/schema\/logo\/image\/","url":"https:\/\/balsamico.at\/wp-content\/uploads\/2023\/08\/PB-Logo-Desktop.png","contentUrl":"https:\/\/balsamico.at\/wp-content\/uploads\/2023\/08\/PB-Logo-Desktop.png","width":2300,"height":260,"caption":"Acetaia Pecoraro"},"image":{"@id":"https:\/\/balsamico.at\/#\/schema\/logo\/image\/"},"sameAs":["https:\/\/www.facebook.com\/pecorarobalsamico\/?locale=de_DE","https:\/\/www.instagram.com\/pecorarobalsamico\/","https:\/\/www.youtube.com\/@Pecoraro-pecoraro"]}]}},"_links":{"self":[{"href":"https:\/\/balsamico.at\/en\/wp-json\/wp\/v2\/pages\/400","targetHints":{"allow":["GET"]}}],"collection":[{"href":"https:\/\/balsamico.at\/en\/wp-json\/wp\/v2\/pages"}],"about":[{"href":"https:\/\/balsamico.at\/en\/wp-json\/wp\/v2\/types\/page"}],"author":[{"embeddable":true,"href":"https:\/\/balsamico.at\/en\/wp-json\/wp\/v2\/users\/1"}],"replies":[{"embeddable":true,"href":"https:\/\/balsamico.at\/en\/wp-json\/wp\/v2\/comments?post=400"}],"version-history":[{"count":40,"href":"https:\/\/balsamico.at\/en\/wp-json\/wp\/v2\/pages\/400\/revisions"}],"predecessor-version":[{"id":7541,"href":"https:\/\/balsamico.at\/en\/wp-json\/wp\/v2\/pages\/400\/revisions\/7541"}],"wp:attachment":[{"href":"https:\/\/balsamico.at\/en\/wp-json\/wp\/v2\/media?parent=400"}],"curies":[{"name":"wp","href":"https:\/\/api.w.org\/{rel}","templated":true}]}}