{"id":404,"date":"2024-02-22T17:00:54","date_gmt":"2024-02-22T16:00:54","guid":{"rendered":"https:\/\/balsamico.web4.casc-hosting.at\/?page_id=404"},"modified":"2024-12-04T10:55:13","modified_gmt":"2024-12-04T09:55:13","slug":"widerruf","status":"publish","type":"page","link":"https:\/\/balsamico.at\/en\/widerruf\/","title":{"rendered":"Revocation"},"content":{"rendered":"<div data-elementor-type=\"wp-page\" data-elementor-id=\"404\" class=\"elementor elementor-404\" data-elementor-post-type=\"page\">\n\t\t\t\t<div class=\"elementor-element elementor-element-4677068 e-flex e-con-boxed e-con e-parent\" data-id=\"4677068\" data-element_type=\"container\" data-e-type=\"container\">\n\t\t\t\t\t<div class=\"e-con-inner\">\n\t\t\t\t<div class=\"elementor-element elementor-element-76cc2a2 elementor-widget-divider--view-line elementor-widget elementor-widget-divider\" data-id=\"76cc2a2\" data-element_type=\"widget\" data-e-type=\"widget\" data-widget_type=\"divider.default\">\n\t\t\t\t<div class=\"elementor-widget-container\">\n\t\t\t\t\t\t\t<div class=\"elementor-divider\">\n\t\t\t<span class=\"elementor-divider-separator\">\n\t\t\t\t\t\t<\/span>\n\t\t<\/div>\n\t\t\t\t\t\t<\/div>\n\t\t\t\t<\/div>\n\t\t\t\t\t<\/div>\n\t\t\t\t<\/div>\n\t\t<div class=\"elementor-element elementor-element-ed7e9ec e-flex e-con-boxed e-con e-parent\" data-id=\"ed7e9ec\" data-element_type=\"container\" data-e-type=\"container\">\n\t\t\t\t\t<div class=\"e-con-inner\">\n\t\t\t\t<div class=\"elementor-element elementor-element-5484634 elementor-widget elementor-widget-heading\" data-id=\"5484634\" data-element_type=\"widget\" data-e-type=\"widget\" data-widget_type=\"heading.default\">\n\t\t\t\t<div class=\"elementor-widget-container\">\n\t\t\t\t\t<h1 class=\"elementor-heading-title elementor-size-default\">Revocation<\/h1>\t\t\t\t<\/div>\n\t\t\t\t<\/div>\n\t\t\t\t<div class=\"elementor-element elementor-element-8788a67 elementor-widget elementor-widget-text-editor\" data-id=\"8788a67\" data-element_type=\"widget\" data-e-type=\"widget\" data-widget_type=\"text-editor.default\">\n\t\t\t\t<div class=\"elementor-widget-container\">\n\t\t\t\t\t\t\t\t\t<div class=\"entry-content\"><p><em>Cancellation policy<\/em><br \/>A consumer is any natural person who enters into a legal transaction for purposes that are predominantly outside their trade, business or profession.<\/p><p><em>Right of withdrawal<\/em><br \/>You have the right to withdraw from this contract within fourteen days without giving any reason. The withdrawal period is fourteen days from the day on which you or a third party named by you, who is not the carrier, have taken possession of the goods. To exercise the right to cancel, you must inform us (Acetaia Pecoraro GmbH Eisenh\u00fctte 32; 3400 Klosterneuburg. Email: pecoraro@balsamico.at Tel: +43-676-3002211) of your decision to withdraw from this contract by an unequivocal statement (e.g. a letter sent by post or a dispatch-confirmed email). You can use the attached sample withdrawal form, but this is not mandatory. To meet the withdrawal deadline, it is sufficient for you to send your notification of exercising your right of withdrawal before the withdrawal period has expired.<\/p><p><em>Consequences of revocation<\/em><br \/>If you withdraw from this contract, we shall reimburse to you all payments received from you, including the costs of delivery (with the exception of the supplementary costs resulting from your choice of a type of delivery other than the least expensive type of standard delivery offered by us), without undue delay and in any event not later than 14 days from the day on which we are informed about your decision to withdraw from this contract. For this repayment, we will use the same means of payment that you used for the original transaction, unless expressly agreed otherwise with you; in no case will you be charged any fees for this repayment. We may refuse repayment until we have received the goods back or until you have provided proof that you have returned the goods, whichever is the earlier. You must return or hand over the goods to us immediately and in any case within fourteen days at the latest from the day on which you inform us of the revocation of this contract. The deadline is met if you send the goods before the period of fourteen days has expired.<br \/>You bear the direct costs of returning the goods.<br \/>You only have to pay for any loss in value of the goods if this loss in value is due to handling of the goods that is not necessary for checking their condition, properties and functionality.<\/p><p><em>Sample withdrawal form<\/em><br \/>(If you wish to cancel the contract, please fill out this form and send it back to us).<br \/>- To Acetaia Pecoraro GmbH, Eisenh\u00fctte 32; 3400 Klosterneuburg<\/p><p>Email: pecoraro@balsamico.at<\/p><p>- I\/we (*) hereby revoke the contract concluded by me\/us (*) for the purchase of the following goods (*)\/the provision of the following service (*)<br \/>- Ordered on (*)\/received on (*)<br \/>- Name of the consumer(s)<br \/>- Address of the consumer(s)<br \/>- Signature of the consumer(s) (only for notification on paper)<br \/>- Date<br \/>-------------<br \/>(*) Delete as appropriate.<\/p><p><em>Exclusion or premature expiry of the right of withdrawal<\/em><br \/>The right of withdrawal does not apply to contracts<br \/>for the delivery of goods which are not prefabricated and for the manufacture of which an individual selection or determination by the consumer is decisive or which are clearly tailored to the personal needs of the consumer;<br \/>for the delivery of goods that can spoil quickly or whose expiration date would be quickly exceeded;<br \/>for the delivery of alcoholic beverages, the price of which was agreed upon conclusion of the contract, but which can be delivered at the earliest 30 days after conclusion of the contract and the current value of which depends on fluctuations in the market over which the entrepreneur has no influence;<br \/>for the delivery of newspapers, magazines or periodicals with the exception of subscription contracts.<br \/>The right of withdrawal expires prematurely for contracts<br \/>for the delivery of sealed goods which are not suitable for return for reasons of health protection or hygiene if their seal has been removed after delivery;<br \/>for the delivery of goods if they have been inseparably mixed with other goods after delivery due to their nature;<br \/>for the delivery of audio or video recordings or computer software in a sealed package if the seal has been removed after delivery.<\/p><\/div>\t\t\t\t\t\t\t\t<\/div>\n\t\t\t\t<\/div>\n\t\t\t\t\t<\/div>\n\t\t\t\t<\/div>\n\t\t\t\t<\/div>","protected":false},"excerpt":{"rendered":"<p>Widerruf WiderrufsbelehrungVerbraucher ist jede nat\u00fcrliche Person, die ein Rechtsgesch\u00e4ft zu Zwecken abschlie\u00dft, die \u00fcberwiegend weder ihrer gewerblichen noch ihrer selbst\u00e4ndigen beruflichen T\u00e4tigkeit zugerechnet werden k\u00f6nnen. WiderrufsrechtSie haben das Recht, binnen vierzehn Tagen ohne Angabe von Gr\u00fcnden diesen Vertrag zu widerrufen. Die Widerrufsfrist betr\u00e4gt vierzehn Tage ab dem Tag, an dem Sie oder ein von Ihnen [&hellip;]<\/p>\n","protected":false},"author":1,"featured_media":0,"parent":0,"menu_order":0,"comment_status":"closed","ping_status":"closed","template":"","meta":{"_acf_changed":false,"footnotes":""},"class_list":["post-404","page","type-page","status-publish","hentry"],"acf":[],"yoast_head":"<!-- This site is optimized with the Yoast SEO plugin v27.3 - https:\/\/yoast.com\/product\/yoast-seo-wordpress\/ -->\n<title>Widerruf - Acetaia Pecoraro<\/title>\n<meta name=\"robots\" content=\"index, follow, max-snippet:-1, max-image-preview:large, max-video-preview:-1\" \/>\n<link rel=\"canonical\" href=\"https:\/\/balsamico.at\/en\/widerruf\/\" \/>\n<meta property=\"og:locale\" content=\"en_US\" \/>\n<meta property=\"og:type\" content=\"article\" \/>\n<meta property=\"og:title\" content=\"Widerruf - Acetaia Pecoraro\" \/>\n<meta property=\"og:description\" content=\"Widerruf WiderrufsbelehrungVerbraucher ist jede nat\u00fcrliche Person, die ein Rechtsgesch\u00e4ft zu Zwecken abschlie\u00dft, die \u00fcberwiegend weder ihrer gewerblichen noch ihrer selbst\u00e4ndigen beruflichen T\u00e4tigkeit zugerechnet werden k\u00f6nnen. WiderrufsrechtSie haben das Recht, binnen vierzehn Tagen ohne Angabe von Gr\u00fcnden diesen Vertrag zu widerrufen. Die Widerrufsfrist betr\u00e4gt vierzehn Tage ab dem Tag, an dem Sie oder ein von Ihnen [&hellip;]\" \/>\n<meta property=\"og:url\" content=\"https:\/\/balsamico.at\/en\/widerruf\/\" \/>\n<meta property=\"og:site_name\" content=\"Acetaia Pecoraro\" \/>\n<meta property=\"article:publisher\" content=\"https:\/\/www.facebook.com\/pecorarobalsamico\/?locale=de_DE\" \/>\n<meta property=\"article:modified_time\" content=\"2024-12-04T09:55:13+00:00\" \/>\n<meta name=\"twitter:card\" content=\"summary_large_image\" \/>\n<meta name=\"twitter:label1\" content=\"Est. reading time\" \/>\n\t<meta name=\"twitter:data1\" content=\"4 minutes\" \/>\n<script type=\"application\/ld+json\" class=\"yoast-schema-graph\">{\"@context\":\"https:\\\/\\\/schema.org\",\"@graph\":[{\"@type\":\"WebPage\",\"@id\":\"https:\\\/\\\/balsamico.at\\\/widerruf\\\/\",\"url\":\"https:\\\/\\\/balsamico.at\\\/widerruf\\\/\",\"name\":\"Widerruf - Acetaia Pecoraro\",\"isPartOf\":{\"@id\":\"https:\\\/\\\/balsamico.at\\\/#website\"},\"datePublished\":\"2024-02-22T16:00:54+00:00\",\"dateModified\":\"2024-12-04T09:55:13+00:00\",\"breadcrumb\":{\"@id\":\"https:\\\/\\\/balsamico.at\\\/widerruf\\\/#breadcrumb\"},\"inLanguage\":\"en-US\",\"potentialAction\":[{\"@type\":\"ReadAction\",\"target\":[\"https:\\\/\\\/balsamico.at\\\/widerruf\\\/\"]}]},{\"@type\":\"BreadcrumbList\",\"@id\":\"https:\\\/\\\/balsamico.at\\\/widerruf\\\/#breadcrumb\",\"itemListElement\":[{\"@type\":\"ListItem\",\"position\":1,\"name\":\"Startseite\",\"item\":\"https:\\\/\\\/balsamico.at\\\/\"},{\"@type\":\"ListItem\",\"position\":2,\"name\":\"Widerruf\"}]},{\"@type\":\"WebSite\",\"@id\":\"https:\\\/\\\/balsamico.at\\\/#website\",\"url\":\"https:\\\/\\\/balsamico.at\\\/\",\"name\":\"Acetaia Pecoraro\",\"description\":\"Kultur f\u00fcr den Gaumen\",\"publisher\":{\"@id\":\"https:\\\/\\\/balsamico.at\\\/#organization\"},\"potentialAction\":[{\"@type\":\"SearchAction\",\"target\":{\"@type\":\"EntryPoint\",\"urlTemplate\":\"https:\\\/\\\/balsamico.at\\\/?s={search_term_string}\"},\"query-input\":{\"@type\":\"PropertyValueSpecification\",\"valueRequired\":true,\"valueName\":\"search_term_string\"}}],\"inLanguage\":\"en-US\"},{\"@type\":\"Organization\",\"@id\":\"https:\\\/\\\/balsamico.at\\\/#organization\",\"name\":\"Acetaia Pecoraro\",\"url\":\"https:\\\/\\\/balsamico.at\\\/\",\"logo\":{\"@type\":\"ImageObject\",\"inLanguage\":\"en-US\",\"@id\":\"https:\\\/\\\/balsamico.at\\\/#\\\/schema\\\/logo\\\/image\\\/\",\"url\":\"https:\\\/\\\/balsamico.at\\\/wp-content\\\/uploads\\\/2023\\\/08\\\/PB-Logo-Desktop.png\",\"contentUrl\":\"https:\\\/\\\/balsamico.at\\\/wp-content\\\/uploads\\\/2023\\\/08\\\/PB-Logo-Desktop.png\",\"width\":2300,\"height\":260,\"caption\":\"Acetaia Pecoraro\"},\"image\":{\"@id\":\"https:\\\/\\\/balsamico.at\\\/#\\\/schema\\\/logo\\\/image\\\/\"},\"sameAs\":[\"https:\\\/\\\/www.facebook.com\\\/pecorarobalsamico\\\/?locale=de_DE\",\"https:\\\/\\\/www.instagram.com\\\/pecorarobalsamico\\\/\",\"https:\\\/\\\/www.youtube.com\\\/@Pecoraro-pecoraro\"]}]}<\/script>\n<!-- \/ Yoast SEO plugin. -->","yoast_head_json":{"title":"Widerruf - Acetaia Pecoraro","robots":{"index":"index","follow":"follow","max-snippet":"max-snippet:-1","max-image-preview":"max-image-preview:large","max-video-preview":"max-video-preview:-1"},"canonical":"https:\/\/balsamico.at\/en\/widerruf\/","og_locale":"en_US","og_type":"article","og_title":"Widerruf - Acetaia Pecoraro","og_description":"Widerruf WiderrufsbelehrungVerbraucher ist jede nat\u00fcrliche Person, die ein Rechtsgesch\u00e4ft zu Zwecken abschlie\u00dft, die \u00fcberwiegend weder ihrer gewerblichen noch ihrer selbst\u00e4ndigen beruflichen T\u00e4tigkeit zugerechnet werden k\u00f6nnen. WiderrufsrechtSie haben das Recht, binnen vierzehn Tagen ohne Angabe von Gr\u00fcnden diesen Vertrag zu widerrufen. Die Widerrufsfrist betr\u00e4gt vierzehn Tage ab dem Tag, an dem Sie oder ein von Ihnen [&hellip;]","og_url":"https:\/\/balsamico.at\/en\/widerruf\/","og_site_name":"Acetaia Pecoraro","article_publisher":"https:\/\/www.facebook.com\/pecorarobalsamico\/?locale=de_DE","article_modified_time":"2024-12-04T09:55:13+00:00","twitter_card":"summary_large_image","twitter_misc":{"Est. reading time":"4 minutes"},"schema":{"@context":"https:\/\/schema.org","@graph":[{"@type":"WebPage","@id":"https:\/\/balsamico.at\/widerruf\/","url":"https:\/\/balsamico.at\/widerruf\/","name":"Widerruf - Acetaia Pecoraro","isPartOf":{"@id":"https:\/\/balsamico.at\/#website"},"datePublished":"2024-02-22T16:00:54+00:00","dateModified":"2024-12-04T09:55:13+00:00","breadcrumb":{"@id":"https:\/\/balsamico.at\/widerruf\/#breadcrumb"},"inLanguage":"en-US","potentialAction":[{"@type":"ReadAction","target":["https:\/\/balsamico.at\/widerruf\/"]}]},{"@type":"BreadcrumbList","@id":"https:\/\/balsamico.at\/widerruf\/#breadcrumb","itemListElement":[{"@type":"ListItem","position":1,"name":"Startseite","item":"https:\/\/balsamico.at\/"},{"@type":"ListItem","position":2,"name":"Widerruf"}]},{"@type":"WebSite","@id":"https:\/\/balsamico.at\/#website","url":"https:\/\/balsamico.at\/","name":"Acetaia Pecoraro","description":"Culture for the palate","publisher":{"@id":"https:\/\/balsamico.at\/#organization"},"potentialAction":[{"@type":"SearchAction","target":{"@type":"EntryPoint","urlTemplate":"https:\/\/balsamico.at\/?s={search_term_string}"},"query-input":{"@type":"PropertyValueSpecification","valueRequired":true,"valueName":"search_term_string"}}],"inLanguage":"en-US"},{"@type":"Organization","@id":"https:\/\/balsamico.at\/#organization","name":"Acetaia Pecoraro","url":"https:\/\/balsamico.at\/","logo":{"@type":"ImageObject","inLanguage":"en-US","@id":"https:\/\/balsamico.at\/#\/schema\/logo\/image\/","url":"https:\/\/balsamico.at\/wp-content\/uploads\/2023\/08\/PB-Logo-Desktop.png","contentUrl":"https:\/\/balsamico.at\/wp-content\/uploads\/2023\/08\/PB-Logo-Desktop.png","width":2300,"height":260,"caption":"Acetaia Pecoraro"},"image":{"@id":"https:\/\/balsamico.at\/#\/schema\/logo\/image\/"},"sameAs":["https:\/\/www.facebook.com\/pecorarobalsamico\/?locale=de_DE","https:\/\/www.instagram.com\/pecorarobalsamico\/","https:\/\/www.youtube.com\/@Pecoraro-pecoraro"]}]}},"_links":{"self":[{"href":"https:\/\/balsamico.at\/en\/wp-json\/wp\/v2\/pages\/404","targetHints":{"allow":["GET"]}}],"collection":[{"href":"https:\/\/balsamico.at\/en\/wp-json\/wp\/v2\/pages"}],"about":[{"href":"https:\/\/balsamico.at\/en\/wp-json\/wp\/v2\/types\/page"}],"author":[{"embeddable":true,"href":"https:\/\/balsamico.at\/en\/wp-json\/wp\/v2\/users\/1"}],"replies":[{"embeddable":true,"href":"https:\/\/balsamico.at\/en\/wp-json\/wp\/v2\/comments?post=404"}],"version-history":[{"count":19,"href":"https:\/\/balsamico.at\/en\/wp-json\/wp\/v2\/pages\/404\/revisions"}],"predecessor-version":[{"id":7550,"href":"https:\/\/balsamico.at\/en\/wp-json\/wp\/v2\/pages\/404\/revisions\/7550"}],"wp:attachment":[{"href":"https:\/\/balsamico.at\/en\/wp-json\/wp\/v2\/media?parent=404"}],"curies":[{"name":"wp","href":"https:\/\/api.w.org\/{rel}","templated":true}]}}