{"id":422,"date":"2024-02-26T12:07:08","date_gmt":"2024-02-26T11:07:08","guid":{"rendered":"https:\/\/balsamico.web4.casc-hosting.at\/?post_type=product&#038;p=422"},"modified":"2026-04-02T19:38:21","modified_gmt":"2026-04-02T17:38:21","slug":"pecoraro-aceto-balsamico-9-jahre","status":"publish","type":"product","link":"https:\/\/balsamico.at\/en\/product\/pecoraro-aceto-balsamico-9-jahre\/","title":{"rendered":"Pecoraro Aceto Balsamico, 9 years old"},"content":{"rendered":"<p>Our Pecoraro Aceto Balsamico 9, which is produced using the traditional method, matures in five different barrels: Oak, acacia, mulberry, chestnut and cherry blend together after nine years to create this wonderful aroma of our gourmet favorite. This special arrangement is called a \"barrel battery\", with each barrel being specially made for our production by a cooper. The perfect taste of our 9-year-old is achieved through a very elaborate annual decanting process.<\/p>","protected":false},"excerpt":{"rendered":"<p>Our Aceto Balsamico, which is produced using traditional methods, matures in five different barrels: Oak, acacia, mulberry, chestnut and cherry merge after nine years to create this wonderful aroma of our gourmet favorite.<\/p>","protected":false},"featured_media":46,"template":"","meta":{"_acf_changed":false},"product_brand":[],"product_cat":[28],"product_tag":[],"class_list":{"0":"post-422","1":"product","2":"type-product","3":"status-publish","4":"has-post-thumbnail","6":"product_cat-balsamico","8":"first","9":"instock","10":"taxable","11":"shipping-taxable","12":"purchasable","13":"product-type-simple"},"acf":[],"yoast_head":"<!-- This site is optimized with the Yoast SEO plugin v27.4 - https:\/\/yoast.com\/product\/yoast-seo-wordpress\/ -->\n<title>Pecoraro Aceto Balsamico, 9 Jahre - Acetaia Pecoraro<\/title>\n<meta name=\"description\" content=\"Pecoraro Aceto Balsamico 9 Jahre, ist ein dunkler, konzentrierter, intensiv schmeckender Essig, der ganz aus Traubenmost hergestellt wird. 9 Jahre in verschiedenen Holzf\u00e4ssern gereift. Bio-Balsamico aus \u00d6sterreich kaufen in Wien - in der N\u00e4he\" \/>\n<meta name=\"robots\" content=\"index, follow, max-snippet:-1, max-image-preview:large, max-video-preview:-1\" \/>\n<link rel=\"canonical\" href=\"https:\/\/balsamico.at\/en\/product\/pecoraro-aceto-balsamico-9-jahre\/\" \/>\n<meta property=\"og:locale\" content=\"en_US\" \/>\n<meta property=\"og:type\" content=\"article\" \/>\n<meta property=\"og:title\" content=\"Pecoraro Aceto Balsamico, 9 Jahre - Acetaia Pecoraro\" \/>\n<meta property=\"og:description\" content=\"Pecoraro Aceto Balsamico 9 Jahre, ist ein dunkler, konzentrierter, intensiv schmeckender Essig, der ganz aus Traubenmost hergestellt wird. 9 Jahre in verschiedenen Holzf\u00e4ssern gereift. Bio-Balsamico aus \u00d6sterreich kaufen in Wien - in der N\u00e4he\" \/>\n<meta property=\"og:url\" content=\"https:\/\/balsamico.at\/en\/product\/pecoraro-aceto-balsamico-9-jahre\/\" \/>\n<meta property=\"og:site_name\" content=\"Acetaia Pecoraro\" \/>\n<meta property=\"article:publisher\" content=\"https:\/\/www.facebook.com\/pecorarobalsamico\/?locale=de_DE\" \/>\n<meta property=\"article:modified_time\" content=\"2026-04-02T17:38:21+00:00\" \/>\n<meta property=\"og:image\" content=\"https:\/\/balsamico.at\/wp-content\/uploads\/2024\/02\/PB-Flasche-9-white-BG-854x1139-1.jpg\" \/>\n\t<meta property=\"og:image:width\" content=\"854\" \/>\n\t<meta property=\"og:image:height\" content=\"1139\" \/>\n\t<meta property=\"og:image:type\" content=\"image\/jpeg\" \/>\n<meta name=\"twitter:card\" content=\"summary_large_image\" \/>\n<meta name=\"twitter:label1\" content=\"Est. reading time\" \/>\n\t<meta name=\"twitter:data1\" content=\"1 minute\" \/>\n<script type=\"application\/ld+json\" class=\"yoast-schema-graph\">{\"@context\":\"https:\\\/\\\/schema.org\",\"@graph\":[{\"@type\":\"WebPage\",\"@id\":\"https:\\\/\\\/balsamico.at\\\/product\\\/pecoraro-aceto-balsamico-9-jahre\\\/\",\"url\":\"https:\\\/\\\/balsamico.at\\\/product\\\/pecoraro-aceto-balsamico-9-jahre\\\/\",\"name\":\"Pecoraro Aceto Balsamico, 9 Jahre - Acetaia Pecoraro\",\"isPartOf\":{\"@id\":\"https:\\\/\\\/balsamico.at\\\/#website\"},\"primaryImageOfPage\":{\"@id\":\"https:\\\/\\\/balsamico.at\\\/product\\\/pecoraro-aceto-balsamico-9-jahre\\\/#primaryimage\"},\"image\":{\"@id\":\"https:\\\/\\\/balsamico.at\\\/product\\\/pecoraro-aceto-balsamico-9-jahre\\\/#primaryimage\"},\"thumbnailUrl\":\"https:\\\/\\\/balsamico.at\\\/wp-content\\\/uploads\\\/2024\\\/02\\\/PB-Flasche-9-white-BG-854x1139-1.jpg\",\"datePublished\":\"2024-02-26T11:07:08+00:00\",\"dateModified\":\"2026-04-02T17:38:21+00:00\",\"description\":\"Pecoraro Aceto Balsamico 9 Jahre, ist ein dunkler, konzentrierter, intensiv schmeckender Essig, der ganz aus Traubenmost hergestellt wird. 9 Jahre in verschiedenen Holzf\u00e4ssern gereift. Bio-Balsamico aus \u00d6sterreich kaufen in Wien - in der N\u00e4he\",\"breadcrumb\":{\"@id\":\"https:\\\/\\\/balsamico.at\\\/product\\\/pecoraro-aceto-balsamico-9-jahre\\\/#breadcrumb\"},\"inLanguage\":\"en-US\",\"potentialAction\":[{\"@type\":\"ReadAction\",\"target\":[\"https:\\\/\\\/balsamico.at\\\/product\\\/pecoraro-aceto-balsamico-9-jahre\\\/\"]}]},{\"@type\":\"ImageObject\",\"inLanguage\":\"en-US\",\"@id\":\"https:\\\/\\\/balsamico.at\\\/product\\\/pecoraro-aceto-balsamico-9-jahre\\\/#primaryimage\",\"url\":\"https:\\\/\\\/balsamico.at\\\/wp-content\\\/uploads\\\/2024\\\/02\\\/PB-Flasche-9-white-BG-854x1139-1.jpg\",\"contentUrl\":\"https:\\\/\\\/balsamico.at\\\/wp-content\\\/uploads\\\/2024\\\/02\\\/PB-Flasche-9-white-BG-854x1139-1.jpg\",\"width\":854,\"height\":1139},{\"@type\":\"BreadcrumbList\",\"@id\":\"https:\\\/\\\/balsamico.at\\\/product\\\/pecoraro-aceto-balsamico-9-jahre\\\/#breadcrumb\",\"itemListElement\":[{\"@type\":\"ListItem\",\"position\":1,\"name\":\"Startseite\",\"item\":\"https:\\\/\\\/balsamico.at\\\/\"},{\"@type\":\"ListItem\",\"position\":2,\"name\":\"Shop\",\"item\":\"https:\\\/\\\/balsamico.at\\\/shop\\\/\"},{\"@type\":\"ListItem\",\"position\":3,\"name\":\"Pecoraro Aceto Balsamico, 9 Jahre\"}]},{\"@type\":\"WebSite\",\"@id\":\"https:\\\/\\\/balsamico.at\\\/#website\",\"url\":\"https:\\\/\\\/balsamico.at\\\/\",\"name\":\"Acetaia Pecoraro\",\"description\":\"Kultur f\u00fcr den Gaumen\",\"publisher\":{\"@id\":\"https:\\\/\\\/balsamico.at\\\/#organization\"},\"potentialAction\":[{\"@type\":\"SearchAction\",\"target\":{\"@type\":\"EntryPoint\",\"urlTemplate\":\"https:\\\/\\\/balsamico.at\\\/?s={search_term_string}\"},\"query-input\":{\"@type\":\"PropertyValueSpecification\",\"valueRequired\":true,\"valueName\":\"search_term_string\"}}],\"inLanguage\":\"en-US\"},{\"@type\":\"Organization\",\"@id\":\"https:\\\/\\\/balsamico.at\\\/#organization\",\"name\":\"Acetaia Pecoraro\",\"url\":\"https:\\\/\\\/balsamico.at\\\/\",\"logo\":{\"@type\":\"ImageObject\",\"inLanguage\":\"en-US\",\"@id\":\"https:\\\/\\\/balsamico.at\\\/#\\\/schema\\\/logo\\\/image\\\/\",\"url\":\"https:\\\/\\\/balsamico.at\\\/wp-content\\\/uploads\\\/2023\\\/08\\\/PB-Logo-Desktop.png\",\"contentUrl\":\"https:\\\/\\\/balsamico.at\\\/wp-content\\\/uploads\\\/2023\\\/08\\\/PB-Logo-Desktop.png\",\"width\":2300,\"height\":260,\"caption\":\"Acetaia Pecoraro\"},\"image\":{\"@id\":\"https:\\\/\\\/balsamico.at\\\/#\\\/schema\\\/logo\\\/image\\\/\"},\"sameAs\":[\"https:\\\/\\\/www.facebook.com\\\/pecorarobalsamico\\\/?locale=de_DE\",\"https:\\\/\\\/www.instagram.com\\\/pecorarobalsamico\\\/\",\"https:\\\/\\\/www.youtube.com\\\/@Pecoraro-pecoraro\"]}]}<\/script>\n<!-- \/ Yoast SEO plugin. -->","yoast_head_json":{"title":"Pecoraro Aceto Balsamico, 9 years - Acetaia Pecoraro","description":"Pecoraro Aceto Balsamico 9 years, is a dark, concentrated, intensely flavored vinegar made entirely from grape must. Matured for 9 years in various wooden barrels. Buy organic balsamic vinegar from Austria in Vienna - near you","robots":{"index":"index","follow":"follow","max-snippet":"max-snippet:-1","max-image-preview":"max-image-preview:large","max-video-preview":"max-video-preview:-1"},"canonical":"https:\/\/balsamico.at\/en\/product\/pecoraro-aceto-balsamico-9-jahre\/","og_locale":"en_US","og_type":"article","og_title":"Pecoraro Aceto Balsamico, 9 Jahre - Acetaia Pecoraro","og_description":"Pecoraro Aceto Balsamico 9 Jahre, ist ein dunkler, konzentrierter, intensiv schmeckender Essig, der ganz aus Traubenmost hergestellt wird. 9 Jahre in verschiedenen Holzf\u00e4ssern gereift. Bio-Balsamico aus \u00d6sterreich kaufen in Wien - in der N\u00e4he","og_url":"https:\/\/balsamico.at\/en\/product\/pecoraro-aceto-balsamico-9-jahre\/","og_site_name":"Acetaia Pecoraro","article_publisher":"https:\/\/www.facebook.com\/pecorarobalsamico\/?locale=de_DE","article_modified_time":"2026-04-02T17:38:21+00:00","og_image":[{"width":854,"height":1139,"url":"https:\/\/balsamico.at\/wp-content\/uploads\/2024\/02\/PB-Flasche-9-white-BG-854x1139-1.jpg","type":"image\/jpeg"}],"twitter_card":"summary_large_image","twitter_misc":{"Est. reading time":"1 minute"},"schema":{"@context":"https:\/\/schema.org","@graph":[{"@type":"WebPage","@id":"https:\/\/balsamico.at\/product\/pecoraro-aceto-balsamico-9-jahre\/","url":"https:\/\/balsamico.at\/product\/pecoraro-aceto-balsamico-9-jahre\/","name":"Pecoraro Aceto Balsamico, 9 years - Acetaia Pecoraro","isPartOf":{"@id":"https:\/\/balsamico.at\/#website"},"primaryImageOfPage":{"@id":"https:\/\/balsamico.at\/product\/pecoraro-aceto-balsamico-9-jahre\/#primaryimage"},"image":{"@id":"https:\/\/balsamico.at\/product\/pecoraro-aceto-balsamico-9-jahre\/#primaryimage"},"thumbnailUrl":"https:\/\/balsamico.at\/wp-content\/uploads\/2024\/02\/PB-Flasche-9-white-BG-854x1139-1.jpg","datePublished":"2024-02-26T11:07:08+00:00","dateModified":"2026-04-02T17:38:21+00:00","description":"Pecoraro Aceto Balsamico 9 years, is a dark, concentrated, intensely flavored vinegar made entirely from grape must. Matured for 9 years in various wooden barrels. Buy organic balsamic vinegar from Austria in Vienna - near you","breadcrumb":{"@id":"https:\/\/balsamico.at\/product\/pecoraro-aceto-balsamico-9-jahre\/#breadcrumb"},"inLanguage":"en-US","potentialAction":[{"@type":"ReadAction","target":["https:\/\/balsamico.at\/product\/pecoraro-aceto-balsamico-9-jahre\/"]}]},{"@type":"ImageObject","inLanguage":"en-US","@id":"https:\/\/balsamico.at\/product\/pecoraro-aceto-balsamico-9-jahre\/#primaryimage","url":"https:\/\/balsamico.at\/wp-content\/uploads\/2024\/02\/PB-Flasche-9-white-BG-854x1139-1.jpg","contentUrl":"https:\/\/balsamico.at\/wp-content\/uploads\/2024\/02\/PB-Flasche-9-white-BG-854x1139-1.jpg","width":854,"height":1139},{"@type":"BreadcrumbList","@id":"https:\/\/balsamico.at\/product\/pecoraro-aceto-balsamico-9-jahre\/#breadcrumb","itemListElement":[{"@type":"ListItem","position":1,"name":"Startseite","item":"https:\/\/balsamico.at\/"},{"@type":"ListItem","position":2,"name":"Shop","item":"https:\/\/balsamico.at\/shop\/"},{"@type":"ListItem","position":3,"name":"Pecoraro Aceto Balsamico, 9 Jahre"}]},{"@type":"WebSite","@id":"https:\/\/balsamico.at\/#website","url":"https:\/\/balsamico.at\/","name":"Acetaia Pecoraro","description":"Culture for the palate","publisher":{"@id":"https:\/\/balsamico.at\/#organization"},"potentialAction":[{"@type":"SearchAction","target":{"@type":"EntryPoint","urlTemplate":"https:\/\/balsamico.at\/?s={search_term_string}"},"query-input":{"@type":"PropertyValueSpecification","valueRequired":true,"valueName":"search_term_string"}}],"inLanguage":"en-US"},{"@type":"Organization","@id":"https:\/\/balsamico.at\/#organization","name":"Acetaia Pecoraro","url":"https:\/\/balsamico.at\/","logo":{"@type":"ImageObject","inLanguage":"en-US","@id":"https:\/\/balsamico.at\/#\/schema\/logo\/image\/","url":"https:\/\/balsamico.at\/wp-content\/uploads\/2023\/08\/PB-Logo-Desktop.png","contentUrl":"https:\/\/balsamico.at\/wp-content\/uploads\/2023\/08\/PB-Logo-Desktop.png","width":2300,"height":260,"caption":"Acetaia Pecoraro"},"image":{"@id":"https:\/\/balsamico.at\/#\/schema\/logo\/image\/"},"sameAs":["https:\/\/www.facebook.com\/pecorarobalsamico\/?locale=de_DE","https:\/\/www.instagram.com\/pecorarobalsamico\/","https:\/\/www.youtube.com\/@Pecoraro-pecoraro"]}]}},"_links":{"self":[{"href":"https:\/\/balsamico.at\/en\/wp-json\/wp\/v2\/product\/422","targetHints":{"allow":["GET"]}}],"collection":[{"href":"https:\/\/balsamico.at\/en\/wp-json\/wp\/v2\/product"}],"about":[{"href":"https:\/\/balsamico.at\/en\/wp-json\/wp\/v2\/types\/product"}],"wp:featuredmedia":[{"embeddable":true,"href":"https:\/\/balsamico.at\/en\/wp-json\/wp\/v2\/media\/46"}],"wp:attachment":[{"href":"https:\/\/balsamico.at\/en\/wp-json\/wp\/v2\/media?parent=422"}],"wp:term":[{"taxonomy":"product_brand","embeddable":true,"href":"https:\/\/balsamico.at\/en\/wp-json\/wp\/v2\/product_brand?post=422"},{"taxonomy":"product_cat","embeddable":true,"href":"https:\/\/balsamico.at\/en\/wp-json\/wp\/v2\/product_cat?post=422"},{"taxonomy":"product_tag","embeddable":true,"href":"https:\/\/balsamico.at\/en\/wp-json\/wp\/v2\/product_tag?post=422"}],"curies":[{"name":"wp","href":"https:\/\/api.w.org\/{rel}","templated":true}]}}